{"id":642,"date":"2024-11-19T11:16:50","date_gmt":"2024-11-19T11:16:50","guid":{"rendered":"https:\/\/euspri2025.de\/?page_id=642"},"modified":"2024-12-06T10:58:02","modified_gmt":"2024-12-06T10:58:02","slug":"topic27","status":"publish","type":"page","link":"https:\/\/euspri2025.de\/index.php\/topic27\/","title":{"rendered":"Topic 27"},"content":{"rendered":"\n<p><\/p>\n\n\n<p><strong>Contact person:<\/strong> <strong>Wittmann, Florian<\/strong> <strong>(Karlsruhe (DE) Fraunhofer Institute for Systems and Innovation Research (ISI))<\/strong><\/p>\n<h2>Stimulating acceleration and avoiding deceleration of transformation: Concepts, challenges, empirical evidence and best practices<\/h2>\n<p>\u00a0<\/p>\n<p><strong>Authors<\/strong>: Florian Wittmann, Annegret Stephan, Ralf Lindner, Jakob Edler, Alejandro Nu\u00f1ez-Jimenez, Jonathan K\u00f6hler, Aline Scherrer, Carsten Schw\u00e4be, Henning D\u00f6scher<\/p>\n<p>\u00a0<\/p>\n<p><strong>Keywords<\/strong>: Acceleration of transformation, transformative innovation policy, transformation<\/p>\n<p>\u00a0<\/p>\n<p><strong>Abstract<\/strong><\/p>\n<p>Many existing on-going transformations such as decarbonization, the preservation of biodiversity or the establishments of circular economies, are facing multiple challenges, highlighting the need for increased policy efforts. This is due to on-going transformations failing to achieve national or international targets such as limiting global warming to 1.5\u00b0C (e.g. IPCC 2023), and\/or existing timelines being insufficient to meet the formulated goals, requiring a reformulation of goals and trajectories. Moreover, geopolitical dynamics can additionally increase needs for an acceleration of transformations. The EU, for example, argued for an acceleration of the European energy transition in response to the Russian attack on Ukraine (Herranz-Surralles, 2024).<\/p>\n<p>However, while transformative (innovation) policy already requires new approaches and capacities of the state and faces multiple constraints in implementation (e.g Edler\/Boon 2018; Kattel\/Mazzucato 2018; Kuhlmann\/Rip 2018; Mazzucato 2018; Schot\/Steinmueller 2018; K\u00f6hler et al. 2019), the need for accelerating the speed of transformation imposes additional constraints. This includes a higher degree of resource mobilization, simultaneity of activities and potential trade-offs and immediate costs, limited time for experimentation etc. In addition, current political developments cast doubts on the commitment to a transformative reform agenda, putting recent efforts under the risk of delay or even a potential backlash\/roll-back of transformation. Recent examples include attempts for a renegotiation of the European Green Deal or the prospective policy change in the US after the reelection of Donald Trump.<\/p>\n<p>While the focus in academic research has started to shift from a general understanding of innovation and transformation processes towards accelerating transformation from different perspectives (e.g., sustainability transition, mission-oriented policy, policy analyses, energy system modelling), our conceptual understanding and methodological approaches on the specific element of acceleration of transformation, are still underdeveloped. This calls for more research to consolidate and advance our insights into underlying processes, challenges, and empirical evidence including best practices and considering different approaches and perspectives to accelerate transformation in ways ensuring that globally agreed transformational targets are being met.<\/p>\n<p>The track aims to improve our understanding of acceleration of transformation by bringing together different understandings based on theoretical and empirical insights. We plan sessions of advanced (full) papers and early-stage research covering empirical, modelling and conceptual papers to discuss issues related to the following topics\/questions (non-exhaustive list):<\/p>\n<p>\u00a0<\/p>\n<p>Conceptualization<\/p>\n<p>\u2022 What differentiates acceleration of transformation from on-going transformation? Which types of acceleration of transformation exist?<\/p>\n<p>\u2022 What are key leverage\/access points (temporal\/spatial) for accelerating transformations? What kinds of windows of opportunities (Sartorius\/Zundel, 2005) can be used to facilitate the acceleration?<\/p>\n<p>\u00a0<\/p>\n<p>Methods and measurement<\/p>\n<p>\u2022 What are methodological approaches to analyze acceleration of transformation? (How) can we measure acceleration of transformation processes?<\/p>\n<p>\u2022 How can models contribute to a better understanding of acceleration of transformation? How can acceleration of transformation be reflected in modelling approaches?<\/p>\n<p>\u00a0<\/p>\n<p>Policy and Governance<\/p>\n<p>\u2022 How can (innovation) policy and its approaches (e.g. mission-oriented policy) contribute to acceleration of transformation? What are limits? Which kind of policy instruments, capacities and governance structures are necessary to facilitate acceleration of transformation?<\/p>\n<p>\u2022 What are key bottlenecks and challenges for policymakers to accelerate transformation?<\/p>\n<p>\u00a0<\/p>\n<p>Limits<\/p>\n<p>\u2022 How much acceleration is feasible? What are trade-offs and conflicts, e.g. regarding different areas of change (sustainability, economy, politics, public opinion etc.)?<\/p>\n<p>\u2022 How can acceleration efforts remain resilient to changing policy contexts and potential policy backlashes? What role do exogenous shocks play for acceleration?<\/p>\n<p>\u2022 How can strong forces towards deceleration be detected, and problematized?<\/p>\n<p>\u00a0<\/p>\n<p>Empirical evidence<\/p>\n<p>\u2022 What are empirical examples of successful (attempts for) acceleration of transformation at different levels (national\/regional\/local) today or in the past? Why did acceleration work in these cases but not in others? What are conditions supporting\/necessary for acceleration of transformation?<\/p>","protected":false},"excerpt":{"rendered":"<p>Contact person: Wittmann, Florian (Karlsruhe (DE) Fraunhofer Institute for Systems and Innovation Research (ISI)) Stimulating acceleration and avoiding deceleration of transformation: Concepts, challenges, empirical evidence and best practices \u00a0 Authors: Florian Wittmann, Annegret Stephan, Ralf Lindner, Jakob Edler, Alejandro Nu\u00f1ez-Jimenez, Jonathan K\u00f6hler, Aline Scherrer, Carsten Schw\u00e4be, Henning D\u00f6scher \u00a0 Keywords: Acceleration of transformation, transformative innovation [&hellip;]<\/p>\n","protected":false},"author":3,"featured_media":0,"parent":0,"menu_order":0,"comment_status":"closed","ping_status":"closed","template":"","meta":{"_coblocks_attr":"","_coblocks_dimensions":"","_coblocks_responsive_height":"","_coblocks_accordion_ie_support":"","footnotes":""},"class_list":["post-642","page","type-page","status-publish","hentry"],"_links":{"self":[{"href":"https:\/\/euspri2025.de\/index.php\/wp-json\/wp\/v2\/pages\/642","targetHints":{"allow":["GET"]}}],"collection":[{"href":"https:\/\/euspri2025.de\/index.php\/wp-json\/wp\/v2\/pages"}],"about":[{"href":"https:\/\/euspri2025.de\/index.php\/wp-json\/wp\/v2\/types\/page"}],"author":[{"embeddable":true,"href":"https:\/\/euspri2025.de\/index.php\/wp-json\/wp\/v2\/users\/3"}],"replies":[{"embeddable":true,"href":"https:\/\/euspri2025.de\/index.php\/wp-json\/wp\/v2\/comments?post=642"}],"version-history":[{"count":5,"href":"https:\/\/euspri2025.de\/index.php\/wp-json\/wp\/v2\/pages\/642\/revisions"}],"predecessor-version":[{"id":1020,"href":"https:\/\/euspri2025.de\/index.php\/wp-json\/wp\/v2\/pages\/642\/revisions\/1020"}],"wp:attachment":[{"href":"https:\/\/euspri2025.de\/index.php\/wp-json\/wp\/v2\/media?parent=642"}],"curies":[{"name":"wp","href":"https:\/\/api.w.org\/{rel}","templated":true}]}}