{"id":836,"date":"2024-11-25T09:48:35","date_gmt":"2024-11-25T09:48:35","guid":{"rendered":"https:\/\/euspri2025.de\/?page_id=836"},"modified":"2025-03-17T10:10:06","modified_gmt":"2025-03-17T10:10:06","slug":"organising-committee","status":"publish","type":"page","link":"https:\/\/euspri2025.de\/index.php\/organising-committee\/","title":{"rendered":"Organising Committee"},"content":{"rendered":"\n<p>The Eu-SPRI 2025 organising committee consists of academics from the Social Research Center at the department of Social Sciences at the TU Dortmund University.\u00a0<\/p>\n\n\n\n<div style=\"height:20px\" aria-hidden=\"true\" class=\"wp-block-spacer\"><\/div>\n\n\n\n<p>J\u00fcrgen Howaldt<\/p>\n\n\n\n<p>Katrin Bauer<\/p>\n\n\n\n<p>Michael B\u00f6deker<\/p>\n\n\n\n<p>Tanja Burda<\/p>\n\n\n\n<p>Cathrin Engel<\/p>\n\n\n\n<p>Rick H\u00f6lsgens<\/p>\n\n\n\n<p>Christoph Kaletka<\/p>\n\n\n\n<p>Ralf Kopp<\/p>\n\n\n\n<p>Michael Kohlgr\u00fcber<\/p>\n\n\n\n<p>Daniel Kr\u00fcger<\/p>\n\n\n\n<p>Karina Maldonado-Mariscal<\/p>\n\n\n\n<p>Barbara Schmidt<\/p>\n\n\n\n<p>Antonius Schr\u00f6der<\/p>\n\n\n\n<p>Marthe Zirngiebl<\/p>\n\n\n\n<div style=\"height:20px\" aria-hidden=\"true\" class=\"wp-block-spacer\"><\/div>\n","protected":false},"excerpt":{"rendered":"<p>The Eu-SPRI 2025 organising committee consists of academics from the Social Research Center at the department of Social Sciences at the TU Dortmund University.\u00a0 J\u00fcrgen Howaldt Katrin Bauer Michael B\u00f6deker Tanja Burda Cathrin Engel Rick H\u00f6lsgens Christoph Kaletka Ralf Kopp Michael Kohlgr\u00fcber Daniel Kr\u00fcger Karina Maldonado-Mariscal Barbara Schmidt Antonius Schr\u00f6der Marthe Zirngiebl<\/p>\n","protected":false},"author":2,"featured_media":0,"parent":0,"menu_order":0,"comment_status":"closed","ping_status":"closed","template":"","meta":{"_coblocks_attr":"","_coblocks_dimensions":"","_coblocks_responsive_height":"","_coblocks_accordion_ie_support":"","footnotes":""},"class_list":["post-836","page","type-page","status-publish","hentry"],"_links":{"self":[{"href":"https:\/\/euspri2025.de\/index.php\/wp-json\/wp\/v2\/pages\/836","targetHints":{"allow":["GET"]}}],"collection":[{"href":"https:\/\/euspri2025.de\/index.php\/wp-json\/wp\/v2\/pages"}],"about":[{"href":"https:\/\/euspri2025.de\/index.php\/wp-json\/wp\/v2\/types\/page"}],"author":[{"embeddable":true,"href":"https:\/\/euspri2025.de\/index.php\/wp-json\/wp\/v2\/users\/2"}],"replies":[{"embeddable":true,"href":"https:\/\/euspri2025.de\/index.php\/wp-json\/wp\/v2\/comments?post=836"}],"version-history":[{"count":3,"href":"https:\/\/euspri2025.de\/index.php\/wp-json\/wp\/v2\/pages\/836\/revisions"}],"predecessor-version":[{"id":1168,"href":"https:\/\/euspri2025.de\/index.php\/wp-json\/wp\/v2\/pages\/836\/revisions\/1168"}],"wp:attachment":[{"href":"https:\/\/euspri2025.de\/index.php\/wp-json\/wp\/v2\/media?parent=836"}],"curies":[{"name":"wp","href":"https:\/\/api.w.org\/{rel}","templated":true}]}}